{"id":396,"date":"2023-10-15T19:48:12","date_gmt":"2023-10-15T17:48:12","guid":{"rendered":"https:\/\/aldeacom.hu\/?page_id=396"},"modified":"2023-12-24T12:00:30","modified_gmt":"2023-12-24T11:00:30","slug":"csapat","status":"publish","type":"page","link":"https:\/\/www.aldeacom.hu\/hu\/csapat\/","title":{"rendered":"Csapat"},"content":{"rendered":"\t\t<div data-elementor-type=\"wp-page\" data-elementor-id=\"396\" class=\"elementor elementor-396\" data-elementor-post-type=\"page\">\n\t\t\t\t\t\t<section class=\"elementor-section elementor-top-section elementor-element elementor-element-42df1ee4 elementor-section-boxed elementor-section-height-default elementor-section-height-default elementor-invisible\" data-id=\"42df1ee4\" data-element_type=\"section\" data-e-type=\"section\" data-settings=\"{&quot;background_background&quot;:&quot;classic&quot;,&quot;animation&quot;:&quot;fadeIn&quot;}\">\n\t\t\t\t\t\t<div class=\"elementor-container elementor-column-gap-no\">\n\t\t\t\t\t<div class=\"elementor-column elementor-col-100 elementor-top-column elementor-element elementor-element-6113eb1b\" data-id=\"6113eb1b\" data-element_type=\"column\" data-e-type=\"column\">\n\t\t\t<div class=\"elementor-widget-wrap elementor-element-populated\">\n\t\t\t\t\t\t<div class=\"elementor-element elementor-element-1bb26a76 elementor-widget elementor-widget-elementskit-heading\" data-id=\"1bb26a76\" data-element_type=\"widget\" data-e-type=\"widget\" data-widget_type=\"elementskit-heading.default\">\n\t\t\t\t<div class=\"elementor-widget-container\">\n\t\t\t\t\t<div class=\"ekit-wid-con\" ><div class=\"ekit-heading elementskit-section-title-wraper text_left   ekit_heading_tablet-   ekit_heading_mobile-\"><h1 class=\"ekit-heading--title elementskit-section-title \">Csapat<\/h1><\/div><\/div>\t\t\t\t<\/div>\n\t\t\t\t<\/div>\n\t\t\t\t\t<\/div>\n\t\t<\/div>\n\t\t\t\t\t<\/div>\n\t\t<\/section>\n\t\t\t\t<section class=\"elementor-section elementor-top-section elementor-element elementor-element-b2d5e8f elementor-section-boxed elementor-section-height-default elementor-section-height-default elementor-invisible\" data-id=\"b2d5e8f\" data-element_type=\"section\" data-e-type=\"section\" data-settings=\"{&quot;animation&quot;:&quot;fadeIn&quot;}\">\n\t\t\t\t\t\t<div class=\"elementor-container elementor-column-gap-no\">\n\t\t\t\t\t<div class=\"elementor-column elementor-col-100 elementor-top-column elementor-element elementor-element-4e34361\" data-id=\"4e34361\" data-element_type=\"column\" data-e-type=\"column\">\n\t\t\t<div class=\"elementor-widget-wrap elementor-element-populated\">\n\t\t\t\t\t\t<section class=\"elementor-section elementor-inner-section elementor-element elementor-element-203b6fb elementor-section-boxed elementor-section-height-default elementor-section-height-default\" data-id=\"203b6fb\" data-element_type=\"section\" data-e-type=\"section\">\n\t\t\t\t\t\t<div class=\"elementor-container elementor-column-gap-no\">\n\t\t\t\t\t<div class=\"elementor-column elementor-col-100 elementor-inner-column elementor-element elementor-element-49af3e4\" data-id=\"49af3e4\" data-element_type=\"column\" data-e-type=\"column\">\n\t\t\t<div class=\"elementor-widget-wrap elementor-element-populated\">\n\t\t\t\t\t\t<div class=\"elementor-element elementor-element-2184169 elementor-widget elementor-widget-elementskit-heading\" data-id=\"2184169\" data-element_type=\"widget\" data-e-type=\"widget\" data-widget_type=\"elementskit-heading.default\">\n\t\t\t\t<div class=\"elementor-widget-container\">\n\t\t\t\t\t<div class=\"ekit-wid-con\" ><div class=\"ekit-heading elementskit-section-title-wraper text_center   ekit_heading_tablet-   ekit_heading_mobile-\"><h2 class=\"elementskit-section-subtitle  \">\n\t\t\t\t\t\tCSAPATUNK\n\t\t\t\t\t<\/h2><h3 class=\"ekit-heading--title elementskit-section-title \">A gyors reag\u00e1l\u00e1s a legnagyobb er\u0151ss\u00e9g\u00fcnk<\/h3><\/div><\/div>\t\t\t\t<\/div>\n\t\t\t\t<\/div>\n\t\t\t\t\t<\/div>\n\t\t<\/div>\n\t\t\t\t\t<\/div>\n\t\t<\/section>\n\t\t\t\t<section class=\"elementor-section elementor-inner-section elementor-element elementor-element-9f7ccde elementor-section-boxed elementor-section-height-default elementor-section-height-default\" data-id=\"9f7ccde\" data-element_type=\"section\" data-e-type=\"section\">\n\t\t\t\t\t\t<div class=\"elementor-container elementor-column-gap-no\">\n\t\t\t\t\t<div class=\"elementor-column elementor-col-100 elementor-inner-column elementor-element elementor-element-9981f64\" data-id=\"9981f64\" data-element_type=\"column\" data-e-type=\"column\">\n\t\t\t<div class=\"elementor-widget-wrap elementor-element-populated\">\n\t\t\t\t\t\t<div class=\"elementor-element elementor-element-a98a5b5 elementor-grid-4 elementor-grid-tablet-2 elementor-grid-mobile-1 elementor-widget elementor-widget-loop-grid\" data-id=\"a98a5b5\" data-element_type=\"widget\" data-e-type=\"widget\" id=\"csapattagok\" data-settings=\"{&quot;template_id&quot;:2418,&quot;columns&quot;:4,&quot;_skin&quot;:&quot;post&quot;,&quot;columns_tablet&quot;:&quot;2&quot;,&quot;columns_mobile&quot;:&quot;1&quot;,&quot;edit_handle_selector&quot;:&quot;[data-elementor-type=\\&quot;loop-item\\&quot;]&quot;,&quot;row_gap&quot;:{&quot;unit&quot;:&quot;px&quot;,&quot;size&quot;:&quot;&quot;,&quot;sizes&quot;:[]},&quot;row_gap_tablet&quot;:{&quot;unit&quot;:&quot;px&quot;,&quot;size&quot;:&quot;&quot;,&quot;sizes&quot;:[]},&quot;row_gap_mobile&quot;:{&quot;unit&quot;:&quot;px&quot;,&quot;size&quot;:&quot;&quot;,&quot;sizes&quot;:[]}}\" data-widget_type=\"loop-grid.post\">\n\t\t\t\t<div class=\"elementor-widget-container\">\n\t\t\t\t\t\t\t<div class=\"elementor-loop-container elementor-grid\" role=\"list\">\n\t\t<style id=\"loop-2418\">.elementor-2418 .elementor-element.elementor-element-2122be7{--display:flex;}.elementor-2418 .elementor-element.elementor-element-7a23d59.elementor-position-right .elementor-image-box-img{margin-left:0px;}.elementor-2418 .elementor-element.elementor-element-7a23d59.elementor-position-left .elementor-image-box-img{margin-right:0px;}.elementor-2418 .elementor-element.elementor-element-7a23d59.elementor-position-top .elementor-image-box-img{margin-bottom:0px;}.elementor-2418 .elementor-element.elementor-element-7a23d59 .elementor-image-box-title{margin-bottom:0px;font-family:var( --e-global-typography-secondary-font-family ), Sans-serif;font-size:var( --e-global-typography-secondary-font-size );font-weight:var( --e-global-typography-secondary-font-weight );color:var( --e-global-color-085ced7 );}.elementor-2418 .elementor-element.elementor-element-7a23d59 .elementor-image-box-wrapper .elementor-image-box-img{width:55%;}.elementor-2418 .elementor-element.elementor-element-7a23d59 .elementor-image-box-img img{border-radius:50%;transition-duration:0.3s;}.elementor-2418 .elementor-element.elementor-element-7a23d59 .elementor-image-box-description{font-family:var( --e-global-typography-9290574-font-family ), Sans-serif;font-size:var( --e-global-typography-9290574-font-size );font-weight:var( --e-global-typography-9290574-font-weight );line-height:var( --e-global-typography-9290574-line-height );letter-spacing:var( --e-global-typography-9290574-letter-spacing );word-spacing:var( --e-global-typography-9290574-word-spacing );color:var( --e-global-color-085ced7 );}.elementor-2418 .elementor-element.elementor-element-7a23d59 > .elementor-widget-container{padding:25px 25px 25px 25px;}@media(max-width:1024px){.elementor-2418 .elementor-element.elementor-element-7a23d59 .elementor-image-box-title{font-size:var( --e-global-typography-secondary-font-size );}.elementor-2418 .elementor-element.elementor-element-7a23d59 .elementor-image-box-description{font-size:var( --e-global-typography-9290574-font-size );line-height:var( --e-global-typography-9290574-line-height );letter-spacing:var( --e-global-typography-9290574-letter-spacing );word-spacing:var( --e-global-typography-9290574-word-spacing );}}@media(max-width:767px){.elementor-2418 .elementor-element.elementor-element-7a23d59 .elementor-image-box-img{margin-bottom:0px;}.elementor-2418 .elementor-element.elementor-element-7a23d59 .elementor-image-box-title{font-size:var( --e-global-typography-secondary-font-size );}.elementor-2418 .elementor-element.elementor-element-7a23d59 .elementor-image-box-description{font-size:var( --e-global-typography-9290574-font-size );line-height:var( --e-global-typography-9290574-line-height );letter-spacing:var( --e-global-typography-9290574-letter-spacing );word-spacing:var( --e-global-typography-9290574-word-spacing );}.elementor-2418 .elementor-element.elementor-element-7a23d59 > .elementor-widget-container{padding:10px 10px 80px 10px;}}<\/style>\t\t<div data-elementor-type=\"loop-item\" data-elementor-id=\"2418\" class=\"elementor elementor-2418 e-loop-item e-loop-item-132 post-132 munkatars type-munkatars status-publish has-post-thumbnail hentry megjelenes-fooldal\" data-elementor-post-type=\"elementor_library\" data-custom-edit-handle=\"1\">\n\t\t\t<div class=\"elementor-element elementor-element-2122be7 e-flex e-con-boxed e-con e-parent\" data-id=\"2122be7\" data-element_type=\"container\" data-e-type=\"container\">\n\t\t\t\t\t<div class=\"e-con-inner\">\n\t\t\t\t<div class=\"elementor-element elementor-element-7a23d59 csapattag elementor-position-top elementor-widget elementor-widget-image-box\" data-id=\"7a23d59\" data-element_type=\"widget\" data-e-type=\"widget\" data-widget_type=\"image-box.default\">\n\t\t\t\t<div class=\"elementor-widget-container\">\n\t\t\t\t\t<div class=\"elementor-image-box-wrapper\"><figure class=\"elementor-image-box-img\"><img decoding=\"async\" width=\"150\" height=\"150\" src=\"https:\/\/www.aldeacom.hu\/wp-content\/uploads\/2023\/10\/Judit-3-150x150.png\" class=\"elementor-animation-grow attachment-thumbnail size-thumbnail wp-image-2565\" alt=\"\" srcset=\"https:\/\/www.aldeacom.hu\/wp-content\/uploads\/2023\/10\/Judit-3-150x150.png 150w, https:\/\/www.aldeacom.hu\/wp-content\/uploads\/2023\/10\/Judit-3-300x300.png 300w, https:\/\/www.aldeacom.hu\/wp-content\/uploads\/2023\/10\/Judit-3.png 670w\" sizes=\"(max-width: 150px) 100vw, 150px\" \/><\/figure><div class=\"elementor-image-box-content\"><h3 class=\"elementor-image-box-title\">Muzamel Judit<\/h3><p class=\"elementor-image-box-description\">\u00dcgyf\u00e9lkapcsolati vezet\u0151<\/p><\/div><\/div>\t\t\t\t<\/div>\n\t\t\t\t<\/div>\n\t\t\t\t\t<\/div>\n\t\t\t\t<\/div>\n\t\t\t\t<\/div>\n\t\t\t\t<div data-elementor-type=\"loop-item\" data-elementor-id=\"2418\" class=\"elementor elementor-2418 e-loop-item e-loop-item-2380 post-2380 munkatars type-munkatars status-publish has-post-thumbnail hentry megjelenes-fooldal\" data-elementor-post-type=\"elementor_library\" data-custom-edit-handle=\"1\">\n\t\t\t<div class=\"elementor-element elementor-element-2122be7 e-flex e-con-boxed e-con e-parent\" data-id=\"2122be7\" data-element_type=\"container\" data-e-type=\"container\">\n\t\t\t\t\t<div class=\"e-con-inner\">\n\t\t\t\t<div class=\"elementor-element elementor-element-7a23d59 csapattag elementor-position-top elementor-widget elementor-widget-image-box\" data-id=\"7a23d59\" data-element_type=\"widget\" data-e-type=\"widget\" data-widget_type=\"image-box.default\">\n\t\t\t\t<div class=\"elementor-widget-container\">\n\t\t\t\t\t<div class=\"elementor-image-box-wrapper\"><figure class=\"elementor-image-box-img\"><img decoding=\"async\" width=\"150\" height=\"150\" src=\"https:\/\/www.aldeacom.hu\/wp-content\/uploads\/2023\/11\/Vivi-1-1-150x150.jpg\" class=\"elementor-animation-grow attachment-thumbnail size-thumbnail wp-image-2556\" alt=\"\" srcset=\"https:\/\/www.aldeacom.hu\/wp-content\/uploads\/2023\/11\/Vivi-1-1-150x150.jpg 150w, https:\/\/www.aldeacom.hu\/wp-content\/uploads\/2023\/11\/Vivi-1-1-300x300.jpg 300w, https:\/\/www.aldeacom.hu\/wp-content\/uploads\/2023\/11\/Vivi-1-1.jpg 749w\" sizes=\"(max-width: 150px) 100vw, 150px\" \/><\/figure><div class=\"elementor-image-box-content\"><h3 class=\"elementor-image-box-title\">Kelemen Vivien<\/h3><p class=\"elementor-image-box-description\">Senior tan\u00e1csad\u00f3<\/p><\/div><\/div>\t\t\t\t<\/div>\n\t\t\t\t<\/div>\n\t\t\t\t\t<\/div>\n\t\t\t\t<\/div>\n\t\t\t\t<\/div>\n\t\t\t\t<div data-elementor-type=\"loop-item\" data-elementor-id=\"2418\" class=\"elementor elementor-2418 e-loop-item e-loop-item-2388 post-2388 munkatars type-munkatars status-publish has-post-thumbnail hentry\" data-elementor-post-type=\"elementor_library\" data-custom-edit-handle=\"1\">\n\t\t\t<div class=\"elementor-element elementor-element-2122be7 e-flex e-con-boxed e-con e-parent\" data-id=\"2122be7\" data-element_type=\"container\" data-e-type=\"container\">\n\t\t\t\t\t<div class=\"e-con-inner\">\n\t\t\t\t<div class=\"elementor-element elementor-element-7a23d59 csapattag elementor-position-top elementor-widget elementor-widget-image-box\" data-id=\"7a23d59\" data-element_type=\"widget\" data-e-type=\"widget\" data-widget_type=\"image-box.default\">\n\t\t\t\t<div class=\"elementor-widget-container\">\n\t\t\t\t\t<div class=\"elementor-image-box-wrapper\"><figure class=\"elementor-image-box-img\"><img decoding=\"async\" width=\"150\" height=\"150\" src=\"https:\/\/www.aldeacom.hu\/wp-content\/uploads\/2023\/11\/balazs-dora-780x780-1-150x150.jpg\" class=\"elementor-animation-grow attachment-thumbnail size-thumbnail wp-image-2555\" alt=\"\" srcset=\"https:\/\/www.aldeacom.hu\/wp-content\/uploads\/2023\/11\/balazs-dora-780x780-1-150x150.jpg 150w, https:\/\/www.aldeacom.hu\/wp-content\/uploads\/2023\/11\/balazs-dora-780x780-1-300x300.jpg 300w, https:\/\/www.aldeacom.hu\/wp-content\/uploads\/2023\/11\/balazs-dora-780x780-1-768x768.jpg 768w, https:\/\/www.aldeacom.hu\/wp-content\/uploads\/2023\/11\/balazs-dora-780x780-1.jpg 780w\" sizes=\"(max-width: 150px) 100vw, 150px\" \/><\/figure><div class=\"elementor-image-box-content\"><h3 class=\"elementor-image-box-title\">Bal\u00e1zs D\u00f3ra<\/h3><p class=\"elementor-image-box-description\">Junior tan\u00e1csad\u00f3<\/p><\/div><\/div>\t\t\t\t<\/div>\n\t\t\t\t<\/div>\n\t\t\t\t\t<\/div>\n\t\t\t\t<\/div>\n\t\t\t\t<\/div>\n\t\t\t\t<div data-elementor-type=\"loop-item\" data-elementor-id=\"2418\" class=\"elementor elementor-2418 e-loop-item e-loop-item-2390 post-2390 munkatars type-munkatars status-publish has-post-thumbnail hentry\" data-elementor-post-type=\"elementor_library\" data-custom-edit-handle=\"1\">\n\t\t\t<div class=\"elementor-element elementor-element-2122be7 e-flex e-con-boxed e-con e-parent\" data-id=\"2122be7\" data-element_type=\"container\" data-e-type=\"container\">\n\t\t\t\t\t<div class=\"e-con-inner\">\n\t\t\t\t<div class=\"elementor-element elementor-element-7a23d59 csapattag elementor-position-top elementor-widget elementor-widget-image-box\" data-id=\"7a23d59\" data-element_type=\"widget\" data-e-type=\"widget\" data-widget_type=\"image-box.default\">\n\t\t\t\t<div class=\"elementor-widget-container\">\n\t\t\t\t\t<div class=\"elementor-image-box-wrapper\"><figure class=\"elementor-image-box-img\"><img loading=\"lazy\" decoding=\"async\" width=\"150\" height=\"150\" src=\"https:\/\/www.aldeacom.hu\/wp-content\/uploads\/2023\/11\/Anna-1-1-150x150.jpeg\" class=\"elementor-animation-grow attachment-thumbnail size-thumbnail wp-image-2560\" alt=\"\" srcset=\"https:\/\/www.aldeacom.hu\/wp-content\/uploads\/2023\/11\/Anna-1-1-150x150.jpeg 150w, https:\/\/www.aldeacom.hu\/wp-content\/uploads\/2023\/11\/Anna-1-1-300x300.jpeg 300w, https:\/\/www.aldeacom.hu\/wp-content\/uploads\/2023\/11\/Anna-1-1-1024x1024.jpeg 1024w, https:\/\/www.aldeacom.hu\/wp-content\/uploads\/2023\/11\/Anna-1-1-768x768.jpeg 768w, https:\/\/www.aldeacom.hu\/wp-content\/uploads\/2023\/11\/Anna-1-1.jpeg 1250w\" sizes=\"(max-width: 150px) 100vw, 150px\" \/><\/figure><div class=\"elementor-image-box-content\"><h3 class=\"elementor-image-box-title\">Krizsanyik Anna<\/h3><p class=\"elementor-image-box-description\">Junior tan\u00e1csad\u00f3<\/p><\/div><\/div>\t\t\t\t<\/div>\n\t\t\t\t<\/div>\n\t\t\t\t\t<\/div>\n\t\t\t\t<\/div>\n\t\t\t\t<\/div>\n\t\t\t\t<\/div>\n\t\t\n\t\t\t\t\t\t<\/div>\n\t\t\t\t<\/div>\n\t\t\t\t\t<\/div>\n\t\t<\/div>\n\t\t\t\t\t<\/div>\n\t\t<\/section>\n\t\t\t\t\t<\/div>\n\t\t<\/div>\n\t\t\t\t\t<\/div>\n\t\t<\/section>\n\t\t\t\t<section class=\"elementor-section elementor-top-section elementor-element elementor-element-7983aac4 elementor-section-boxed elementor-section-height-default elementor-section-height-default elementor-invisible\" data-id=\"7983aac4\" data-element_type=\"section\" data-e-type=\"section\" data-settings=\"{&quot;background_background&quot;:&quot;classic&quot;,&quot;animation&quot;:&quot;fadeIn&quot;}\">\n\t\t\t\t\t\t\t<div class=\"elementor-background-overlay\"><\/div>\n\t\t\t\t\t\t\t<div class=\"elementor-container elementor-column-gap-no\">\n\t\t\t\t\t<div class=\"elementor-column elementor-col-100 elementor-top-column elementor-element elementor-element-1f76d137\" data-id=\"1f76d137\" data-element_type=\"column\" data-e-type=\"column\">\n\t\t\t<div class=\"elementor-widget-wrap\">\n\t\t\t\t\t\t\t<\/div>\n\t\t<\/div>\n\t\t\t\t\t<\/div>\n\t\t<\/section>\n\t\t\t\t<\/div>\n\t\t","protected":false},"excerpt":{"rendered":"<p>Csapat CSAPATUNK A gyors reag\u00e1l\u00e1s a legnagyobb er\u0151ss\u00e9g\u00fcnk<\/p>\n","protected":false},"author":1,"featured_media":0,"parent":0,"menu_order":0,"comment_status":"closed","ping_status":"closed","template":"elementor_header_footer","meta":{"_acf_changed":false,"footnotes":""},"class_list":["post-396","page","type-page","status-publish","hentry"],"acf":[],"_links":{"self":[{"href":"https:\/\/www.aldeacom.hu\/hu\/wp-json\/wp\/v2\/pages\/396","targetHints":{"allow":["GET"]}}],"collection":[{"href":"https:\/\/www.aldeacom.hu\/hu\/wp-json\/wp\/v2\/pages"}],"about":[{"href":"https:\/\/www.aldeacom.hu\/hu\/wp-json\/wp\/v2\/types\/page"}],"author":[{"embeddable":true,"href":"https:\/\/www.aldeacom.hu\/hu\/wp-json\/wp\/v2\/users\/1"}],"replies":[{"embeddable":true,"href":"https:\/\/www.aldeacom.hu\/hu\/wp-json\/wp\/v2\/comments?post=396"}],"version-history":[{"count":43,"href":"https:\/\/www.aldeacom.hu\/hu\/wp-json\/wp\/v2\/pages\/396\/revisions"}],"predecessor-version":[{"id":2568,"href":"https:\/\/www.aldeacom.hu\/hu\/wp-json\/wp\/v2\/pages\/396\/revisions\/2568"}],"wp:attachment":[{"href":"https:\/\/www.aldeacom.hu\/hu\/wp-json\/wp\/v2\/media?parent=396"}],"curies":[{"name":"wp","href":"https:\/\/api.w.org\/{rel}","templated":true}]}}