{"id":502,"date":"2023-10-15T21:29:24","date_gmt":"2023-10-15T19:29:24","guid":{"rendered":"https:\/\/aldeacom.hu\/?page_id=502"},"modified":"2023-10-15T21:34:07","modified_gmt":"2023-10-15T19:34:07","slug":"szolgaltatasok","status":"publish","type":"page","link":"https:\/\/www.aldeacom.hu\/hu\/szolgaltatasok\/","title":{"rendered":"Szolg\u00e1ltat\u00e1sok"},"content":{"rendered":"\t\t<div data-elementor-type=\"wp-page\" data-elementor-id=\"502\" class=\"elementor elementor-502\" data-elementor-post-type=\"page\">\n\t\t\t\t\t\t<section class=\"elementor-section elementor-top-section elementor-element elementor-element-37658f59 elementor-section-boxed elementor-section-height-default elementor-section-height-default elementor-invisible\" data-id=\"37658f59\" data-element_type=\"section\" data-e-type=\"section\" data-settings=\"{&quot;background_background&quot;:&quot;classic&quot;,&quot;animation&quot;:&quot;fadeIn&quot;}\">\n\t\t\t\t\t\t<div class=\"elementor-container elementor-column-gap-no\">\n\t\t\t\t\t<div class=\"elementor-column elementor-col-100 elementor-top-column elementor-element elementor-element-463c1c65\" data-id=\"463c1c65\" data-element_type=\"column\" data-e-type=\"column\">\n\t\t\t<div class=\"elementor-widget-wrap elementor-element-populated\">\n\t\t\t\t\t\t<div class=\"elementor-element elementor-element-57c5a84 elementor-widget elementor-widget-elementskit-heading\" data-id=\"57c5a84\" data-element_type=\"widget\" data-e-type=\"widget\" data-widget_type=\"elementskit-heading.default\">\n\t\t\t\t<div class=\"elementor-widget-container\">\n\t\t\t\t\t<div class=\"ekit-wid-con\" ><div class=\"ekit-heading elementskit-section-title-wraper text_left   ekit_heading_tablet-   ekit_heading_mobile-\"><h1 class=\"ekit-heading--title elementskit-section-title \">Szolg\u00e1ltat\u00e1sok<\/h1><\/div><\/div>\t\t\t\t<\/div>\n\t\t\t\t<\/div>\n\t\t\t\t\t<\/div>\n\t\t<\/div>\n\t\t\t\t\t<\/div>\n\t\t<\/section>\n\t\t\t\t<section class=\"elementor-section elementor-top-section elementor-element elementor-element-5ad3d84 elementor-section-boxed elementor-section-height-default elementor-section-height-default elementor-invisible\" data-id=\"5ad3d84\" data-element_type=\"section\" data-e-type=\"section\" data-settings=\"{&quot;background_background&quot;:&quot;classic&quot;,&quot;animation&quot;:&quot;fadeIn&quot;}\">\n\t\t\t\t\t\t<div class=\"elementor-container elementor-column-gap-no\">\n\t\t\t\t\t<div class=\"elementor-column elementor-col-100 elementor-top-column elementor-element elementor-element-5477088\" data-id=\"5477088\" data-element_type=\"column\" data-e-type=\"column\">\n\t\t\t<div class=\"elementor-widget-wrap elementor-element-populated\">\n\t\t\t\t\t\t<div class=\"elementor-element elementor-element-bb9af35 elementor-grid-3 elementor-grid-tablet-2 elementor-grid-mobile-1 elementor-widget elementor-widget-loop-grid\" data-id=\"bb9af35\" data-element_type=\"widget\" data-e-type=\"widget\" data-settings=\"{&quot;template_id&quot;:354,&quot;_skin&quot;:&quot;post&quot;,&quot;columns&quot;:&quot;3&quot;,&quot;columns_tablet&quot;:&quot;2&quot;,&quot;columns_mobile&quot;:&quot;1&quot;,&quot;edit_handle_selector&quot;:&quot;[data-elementor-type=\\&quot;loop-item\\&quot;]&quot;,&quot;row_gap&quot;:{&quot;unit&quot;:&quot;px&quot;,&quot;size&quot;:&quot;&quot;,&quot;sizes&quot;:[]},&quot;row_gap_tablet&quot;:{&quot;unit&quot;:&quot;px&quot;,&quot;size&quot;:&quot;&quot;,&quot;sizes&quot;:[]},&quot;row_gap_mobile&quot;:{&quot;unit&quot;:&quot;px&quot;,&quot;size&quot;:&quot;&quot;,&quot;sizes&quot;:[]}}\" data-widget_type=\"loop-grid.post\">\n\t\t\t\t<div class=\"elementor-widget-container\">\n\t\t\t\t\t\t\t<div class=\"elementor-loop-container elementor-grid\" role=\"list\">\n\t\t<style id=\"loop-354\">.elementor-354 .elementor-element.elementor-element-da0de17.ekit-equal-height-enable,\n\t\t\t\t\t.elementor-354 .elementor-element.elementor-element-da0de17.ekit-equal-height-enable > div,\n\t\t\t\t\t.elementor-354 .elementor-element.elementor-element-da0de17.ekit-equal-height-enable .ekit-wid-con,\n\t\t\t\t\t.elementor-354 .elementor-element.elementor-element-da0de17.ekit-equal-height-enable .ekit-wid-con .elementskit-infobox{height:100%;}.elementor-354 .elementor-element.elementor-element-da0de17 .elementskit-infobox{background-color:var( --e-global-color-aa9db30 );padding:0px 0px 0px 105px;border-style:solid;border-width:1px 1px 1px 1px;border-color:var( --e-global-color-aa9db30 );border-radius:5px 5px 5px 5px;}.elementor-354 .elementor-element.elementor-element-da0de17 .elementskit-infobox .elementskit-info-box-title{margin:0px 0px 0px 0px;padding:15px 0px 15px 0px;color:var( --e-global-color-secondary );font-family:var( --e-global-typography-secondary-font-family ), Sans-serif;font-size:var( --e-global-typography-secondary-font-size );font-weight:var( --e-global-typography-secondary-font-weight );}.elementor-354 .elementor-element.elementor-element-da0de17 .elementskit-infobox .box-body > p{color:var( --e-global-color-text );font-family:var( --e-global-typography-3018560-font-family ), Sans-serif;font-size:var( --e-global-typography-3018560-font-size );font-weight:var( --e-global-typography-3018560-font-weight );line-height:var( --e-global-typography-3018560-line-height );letter-spacing:var( --e-global-typography-3018560-letter-spacing );word-spacing:var( --e-global-typography-3018560-word-spacing );}.elementor-354 .elementor-element.elementor-element-da0de17 .elementskit-infobox p{margin:0px 0px 0px 0px;}.elementor-354 .elementor-element.elementor-element-da0de17 .elementskit-info-box-icon{background-color:var( --e-global-color-primary );border-radius:50% 50% 50% 50%;box-shadow:3px 2px 0px 0px #FFFFFF;}.elementor-354 .elementor-element.elementor-element-da0de17 .elementskit-infobox .elementskit-info-box-icon{padding:20px 20px 20px 20px;transform:rotate(0deg);width:89px;}.elementor-354 .elementor-element.elementor-element-da0de17 .elementskit-infobox .elementskit-info-box-icon {height:89px;}.elementor-354 .elementor-element.elementor-element-da0de17{z-index:0;}@media(max-width:1024px){.elementor-354 .elementor-element.elementor-element-5076da0 > .elementor-element-populated{padding:0px 0px 0px 50px;}.elementor-354 .elementor-element.elementor-element-da0de17 .elementskit-infobox{padding:0px 0px 0px 0px;}.elementor-354 .elementor-element.elementor-element-da0de17 .elementskit-infobox .elementskit-info-box-title{font-size:var( --e-global-typography-secondary-font-size );}.elementor-354 .elementor-element.elementor-element-da0de17 .elementskit-infobox .box-body > p{font-size:var( --e-global-typography-3018560-font-size );line-height:var( --e-global-typography-3018560-line-height );letter-spacing:var( --e-global-typography-3018560-letter-spacing );word-spacing:var( --e-global-typography-3018560-word-spacing );}}@media(max-width:767px){.elementor-354 .elementor-element.elementor-element-5076da0 > .elementor-element-populated{padding:0px 0px 0px 0px;}.elementor-354 .elementor-element.elementor-element-da0de17 .elementskit-infobox .elementskit-info-box-title{font-size:var( --e-global-typography-secondary-font-size );}.elementor-354 .elementor-element.elementor-element-da0de17 .elementskit-infobox .box-body > p{font-size:var( --e-global-typography-3018560-font-size );line-height:var( --e-global-typography-3018560-line-height );letter-spacing:var( --e-global-typography-3018560-letter-spacing );word-spacing:var( --e-global-typography-3018560-word-spacing );}}@media(max-width:1024px) and (min-width:768px){.elementor-354 .elementor-element.elementor-element-5076da0{width:100%;}}\/* Start custom CSS for elementskit-icon-box, class: .elementor-element-da0de17 *\/.szolgaltatas_box .box-body p{\n    hyphens: auto;\n}\/* End custom CSS *\/<\/style>\t\t<div data-elementor-type=\"loop-item\" data-elementor-id=\"354\" class=\"elementor elementor-354 e-loop-item e-loop-item-482 post-482 szolgaltatas type-szolgaltatas status-publish has-post-thumbnail hentry\" data-elementor-post-type=\"elementor_library\" data-custom-edit-handle=\"1\">\n\t\t\t\t\t<section class=\"elementor-section elementor-top-section elementor-element elementor-element-644bf75 elementor-section-boxed elementor-section-height-default elementor-section-height-default\" data-id=\"644bf75\" data-element_type=\"section\" data-e-type=\"section\">\n\t\t\t\t\t\t<div class=\"elementor-container elementor-column-gap-default\">\n\t\t\t\t\t<div class=\"elementor-column elementor-col-100 elementor-top-column elementor-element elementor-element-5076da0\" data-id=\"5076da0\" data-element_type=\"column\" data-e-type=\"column\">\n\t\t\t<div class=\"elementor-widget-wrap elementor-element-populated\">\n\t\t\t\t\t\t<div class=\"elementor-element elementor-element-da0de17 szolgaltatas_box ekit-equal-height-disable elementor-widget elementor-widget-elementskit-icon-box\" data-id=\"da0de17\" data-element_type=\"widget\" data-e-type=\"widget\" data-widget_type=\"elementskit-icon-box.default\">\n\t\t\t\t<div class=\"elementor-widget-container\">\n\t\t\t\t\t<div class=\"ekit-wid-con\" >        <!-- link opening -->\n                <a href=\"https:\/\/www.aldeacom.hu\/hu\/szolgaltatas\/etelfutar-promociok\/\" class=\"ekit_global_links\">\n                <!-- end link opening -->\n\n        <div class=\"elementskit-infobox text-left text-left icon-top-align elementor-animation-grow   \">\n                            <div class=\"elementskit-box-header\">\n                <div class=\"elementskit-info-box-icon \">\n                    <img fetchpriority=\"high\" decoding=\"async\" width=\"600\" height=\"600\" src=\"https:\/\/www.aldeacom.hu\/wp-content\/uploads\/2023\/10\/futar-600x600-1.png\" class=\"attachment- size-\" alt=\"\" srcset=\"https:\/\/www.aldeacom.hu\/wp-content\/uploads\/2023\/10\/futar-600x600-1.png 600w, https:\/\/www.aldeacom.hu\/wp-content\/uploads\/2023\/10\/futar-600x600-1-300x300.png 300w, https:\/\/www.aldeacom.hu\/wp-content\/uploads\/2023\/10\/futar-600x600-1-150x150.png 150w\" sizes=\"(max-width: 600px) 100vw, 600px\" \/>                <\/div>\n          <\/div>\n                <div class=\"box-body\">\n                            <h4 class=\"elementskit-info-box-title\">\n                    \u00c9telfut\u00e1r prom\u00f3ci\u00f3k                <\/h4>\n                        \t\t  \t<p>C\u00e9lzott, magas el\u00e9r\u00e9s, garant\u00e1ltan \u00e1tadott \u00fczenet.<\/p>\n                                <\/div>\n        \n        \n                <\/div>\n                <\/a>\n        <\/div>\t\t\t\t<\/div>\n\t\t\t\t<\/div>\n\t\t\t\t\t<\/div>\n\t\t<\/div>\n\t\t\t\t\t<\/div>\n\t\t<\/section>\n\t\t\t\t<\/div>\n\t\t\t\t<div data-elementor-type=\"loop-item\" data-elementor-id=\"354\" class=\"elementor elementor-354 e-loop-item e-loop-item-478 post-478 szolgaltatas type-szolgaltatas status-publish has-post-thumbnail hentry\" data-elementor-post-type=\"elementor_library\" data-custom-edit-handle=\"1\">\n\t\t\t\t\t<section class=\"elementor-section elementor-top-section elementor-element elementor-element-644bf75 elementor-section-boxed elementor-section-height-default elementor-section-height-default\" data-id=\"644bf75\" data-element_type=\"section\" data-e-type=\"section\">\n\t\t\t\t\t\t<div class=\"elementor-container elementor-column-gap-default\">\n\t\t\t\t\t<div class=\"elementor-column elementor-col-100 elementor-top-column elementor-element elementor-element-5076da0\" data-id=\"5076da0\" data-element_type=\"column\" data-e-type=\"column\">\n\t\t\t<div class=\"elementor-widget-wrap elementor-element-populated\">\n\t\t\t\t\t\t<div class=\"elementor-element elementor-element-da0de17 szolgaltatas_box ekit-equal-height-disable elementor-widget elementor-widget-elementskit-icon-box\" data-id=\"da0de17\" data-element_type=\"widget\" data-e-type=\"widget\" data-widget_type=\"elementskit-icon-box.default\">\n\t\t\t\t<div class=\"elementor-widget-container\">\n\t\t\t\t\t<div class=\"ekit-wid-con\" >        <!-- link opening -->\n                <a href=\"https:\/\/www.aldeacom.hu\/hu\/szolgaltatas\/nyeremenyjatekok\/\" class=\"ekit_global_links\">\n                <!-- end link opening -->\n\n        <div class=\"elementskit-infobox text-left text-left icon-top-align elementor-animation-grow   \">\n                            <div class=\"elementskit-box-header\">\n                <div class=\"elementskit-info-box-icon \">\n                    <img decoding=\"async\" width=\"600\" height=\"600\" src=\"https:\/\/www.aldeacom.hu\/wp-content\/uploads\/2023\/10\/nyeremenyjatek-7-600x600-1.png\" class=\"attachment- size-\" alt=\"\" srcset=\"https:\/\/www.aldeacom.hu\/wp-content\/uploads\/2023\/10\/nyeremenyjatek-7-600x600-1.png 600w, https:\/\/www.aldeacom.hu\/wp-content\/uploads\/2023\/10\/nyeremenyjatek-7-600x600-1-300x300.png 300w, https:\/\/www.aldeacom.hu\/wp-content\/uploads\/2023\/10\/nyeremenyjatek-7-600x600-1-150x150.png 150w\" sizes=\"(max-width: 600px) 100vw, 600px\" \/>                <\/div>\n          <\/div>\n                <div class=\"box-body\">\n                            <h4 class=\"elementskit-info-box-title\">\n                    Nyerem\u00e9nyj\u00e1t\u00e9kok                <\/h4>\n                        \t\t  \t<p>Teljesk\u00f6r\u0171en\u00a0biztos\u00edtjuk nyerem\u00e9nyj\u00e1t\u00e9kok\u00a0h\u00e1tt\u00e9rmunk\u00e1j\u00e1t.<\/p>\n                                <\/div>\n        \n        \n                <\/div>\n                <\/a>\n        <\/div>\t\t\t\t<\/div>\n\t\t\t\t<\/div>\n\t\t\t\t\t<\/div>\n\t\t<\/div>\n\t\t\t\t\t<\/div>\n\t\t<\/section>\n\t\t\t\t<\/div>\n\t\t\t\t<div data-elementor-type=\"loop-item\" data-elementor-id=\"354\" class=\"elementor elementor-354 e-loop-item e-loop-item-467 post-467 szolgaltatas type-szolgaltatas status-publish has-post-thumbnail hentry\" data-elementor-post-type=\"elementor_library\" data-custom-edit-handle=\"1\">\n\t\t\t\t\t<section class=\"elementor-section elementor-top-section elementor-element elementor-element-644bf75 elementor-section-boxed elementor-section-height-default elementor-section-height-default\" data-id=\"644bf75\" data-element_type=\"section\" data-e-type=\"section\">\n\t\t\t\t\t\t<div class=\"elementor-container elementor-column-gap-default\">\n\t\t\t\t\t<div class=\"elementor-column elementor-col-100 elementor-top-column elementor-element elementor-element-5076da0\" data-id=\"5076da0\" data-element_type=\"column\" data-e-type=\"column\">\n\t\t\t<div class=\"elementor-widget-wrap elementor-element-populated\">\n\t\t\t\t\t\t<div class=\"elementor-element elementor-element-da0de17 szolgaltatas_box ekit-equal-height-disable elementor-widget elementor-widget-elementskit-icon-box\" data-id=\"da0de17\" data-element_type=\"widget\" data-e-type=\"widget\" data-widget_type=\"elementskit-icon-box.default\">\n\t\t\t\t<div class=\"elementor-widget-container\">\n\t\t\t\t\t<div class=\"ekit-wid-con\" >        <!-- link opening -->\n                <a href=\"https:\/\/www.aldeacom.hu\/hu\/szolgaltatas\/dekoracio\/\" class=\"ekit_global_links\">\n                <!-- end link opening -->\n\n        <div class=\"elementskit-infobox text-left text-left icon-top-align elementor-animation-grow   \">\n                            <div class=\"elementskit-box-header\">\n                <div class=\"elementskit-info-box-icon \">\n                    <img decoding=\"async\" width=\"600\" height=\"600\" src=\"https:\/\/www.aldeacom.hu\/wp-content\/uploads\/2023\/10\/dekoracio-3-600x600-1.png\" class=\"attachment- size-\" alt=\"\" srcset=\"https:\/\/www.aldeacom.hu\/wp-content\/uploads\/2023\/10\/dekoracio-3-600x600-1.png 600w, https:\/\/www.aldeacom.hu\/wp-content\/uploads\/2023\/10\/dekoracio-3-600x600-1-300x300.png 300w, https:\/\/www.aldeacom.hu\/wp-content\/uploads\/2023\/10\/dekoracio-3-600x600-1-150x150.png 150w\" sizes=\"(max-width: 600px) 100vw, 600px\" \/>                <\/div>\n          <\/div>\n                <div class=\"box-body\">\n                            <h4 class=\"elementskit-info-box-title\">\n                    Dekor\u00e1ci\u00f3                <\/h4>\n                        \t\t  \t<p>Extra dekor\u00e1ci\u00f3t szeretne? Mi kital\u00e1ljuk \u00e9s megval\u00f3s\u00edtjuk.<\/p>\n                                <\/div>\n        \n        \n                <\/div>\n                <\/a>\n        <\/div>\t\t\t\t<\/div>\n\t\t\t\t<\/div>\n\t\t\t\t\t<\/div>\n\t\t<\/div>\n\t\t\t\t\t<\/div>\n\t\t<\/section>\n\t\t\t\t<\/div>\n\t\t\t\t<div data-elementor-type=\"loop-item\" data-elementor-id=\"354\" class=\"elementor elementor-354 e-loop-item e-loop-item-434 post-434 szolgaltatas type-szolgaltatas status-publish has-post-thumbnail hentry\" data-elementor-post-type=\"elementor_library\" data-custom-edit-handle=\"1\">\n\t\t\t\t\t<section class=\"elementor-section elementor-top-section elementor-element elementor-element-644bf75 elementor-section-boxed elementor-section-height-default elementor-section-height-default\" data-id=\"644bf75\" data-element_type=\"section\" data-e-type=\"section\">\n\t\t\t\t\t\t<div class=\"elementor-container elementor-column-gap-default\">\n\t\t\t\t\t<div class=\"elementor-column elementor-col-100 elementor-top-column elementor-element elementor-element-5076da0\" data-id=\"5076da0\" data-element_type=\"column\" data-e-type=\"column\">\n\t\t\t<div class=\"elementor-widget-wrap elementor-element-populated\">\n\t\t\t\t\t\t<div class=\"elementor-element elementor-element-da0de17 szolgaltatas_box ekit-equal-height-disable elementor-widget elementor-widget-elementskit-icon-box\" data-id=\"da0de17\" data-element_type=\"widget\" data-e-type=\"widget\" data-widget_type=\"elementskit-icon-box.default\">\n\t\t\t\t<div class=\"elementor-widget-container\">\n\t\t\t\t\t<div class=\"ekit-wid-con\" >        <!-- link opening -->\n                <a href=\"https:\/\/www.aldeacom.hu\/hu\/szolgaltatas\/rendezvenyszervezes\/\" class=\"ekit_global_links\">\n                <!-- end link opening -->\n\n        <div class=\"elementskit-infobox text-left text-left icon-top-align elementor-animation-grow   \">\n                            <div class=\"elementskit-box-header\">\n                <div class=\"elementskit-info-box-icon \">\n                    <img loading=\"lazy\" decoding=\"async\" width=\"600\" height=\"600\" src=\"https:\/\/www.aldeacom.hu\/wp-content\/uploads\/2023\/10\/rendezvenyszervezes-1-600x600-1.png\" class=\"attachment- size-\" alt=\"\" srcset=\"https:\/\/www.aldeacom.hu\/wp-content\/uploads\/2023\/10\/rendezvenyszervezes-1-600x600-1.png 600w, https:\/\/www.aldeacom.hu\/wp-content\/uploads\/2023\/10\/rendezvenyszervezes-1-600x600-1-300x300.png 300w, https:\/\/www.aldeacom.hu\/wp-content\/uploads\/2023\/10\/rendezvenyszervezes-1-600x600-1-150x150.png 150w\" sizes=\"(max-width: 600px) 100vw, 600px\" \/>                <\/div>\n          <\/div>\n                <div class=\"box-body\">\n                            <h4 class=\"elementskit-info-box-title\">\n                    Rendezv\u00e9nyszervez\u00e9s                <\/h4>\n                        \t\t  \t<p>K\u00fcl\u00f6nleges helysz\u00ednt szeretne, rendhagy\u00f3 aktivit\u00e1ssal, k\u00fcl\u00f6nleges dekor\u00e1ci\u00f3val?<\/p>\n                                <\/div>\n        \n        \n                <\/div>\n                <\/a>\n        <\/div>\t\t\t\t<\/div>\n\t\t\t\t<\/div>\n\t\t\t\t\t<\/div>\n\t\t<\/div>\n\t\t\t\t\t<\/div>\n\t\t<\/section>\n\t\t\t\t<\/div>\n\t\t\t\t<div data-elementor-type=\"loop-item\" data-elementor-id=\"354\" class=\"elementor elementor-354 e-loop-item e-loop-item-282 post-282 szolgaltatas type-szolgaltatas status-publish has-post-thumbnail hentry\" data-elementor-post-type=\"elementor_library\" data-custom-edit-handle=\"1\">\n\t\t\t\t\t<section class=\"elementor-section elementor-top-section elementor-element elementor-element-644bf75 elementor-section-boxed elementor-section-height-default elementor-section-height-default\" data-id=\"644bf75\" data-element_type=\"section\" data-e-type=\"section\">\n\t\t\t\t\t\t<div class=\"elementor-container elementor-column-gap-default\">\n\t\t\t\t\t<div class=\"elementor-column elementor-col-100 elementor-top-column elementor-element elementor-element-5076da0\" data-id=\"5076da0\" data-element_type=\"column\" data-e-type=\"column\">\n\t\t\t<div class=\"elementor-widget-wrap elementor-element-populated\">\n\t\t\t\t\t\t<div class=\"elementor-element elementor-element-da0de17 szolgaltatas_box ekit-equal-height-disable elementor-widget elementor-widget-elementskit-icon-box\" data-id=\"da0de17\" data-element_type=\"widget\" data-e-type=\"widget\" data-widget_type=\"elementskit-icon-box.default\">\n\t\t\t\t<div class=\"elementor-widget-container\">\n\t\t\t\t\t<div class=\"ekit-wid-con\" >        <!-- link opening -->\n                <a href=\"https:\/\/www.aldeacom.hu\/hu\/szolgaltatas\/hostess-promocio\/\" class=\"ekit_global_links\">\n                <!-- end link opening -->\n\n        <div class=\"elementskit-infobox text-left text-left icon-top-align elementor-animation-grow   \">\n                            <div class=\"elementskit-box-header\">\n                <div class=\"elementskit-info-box-icon \">\n                    <img loading=\"lazy\" decoding=\"async\" width=\"600\" height=\"600\" src=\"https:\/\/www.aldeacom.hu\/wp-content\/uploads\/2023\/10\/hostess-1-600x600-1.png\" class=\"attachment- size-\" alt=\"\" srcset=\"https:\/\/www.aldeacom.hu\/wp-content\/uploads\/2023\/10\/hostess-1-600x600-1.png 600w, https:\/\/www.aldeacom.hu\/wp-content\/uploads\/2023\/10\/hostess-1-600x600-1-300x300.png 300w, https:\/\/www.aldeacom.hu\/wp-content\/uploads\/2023\/10\/hostess-1-600x600-1-150x150.png 150w\" sizes=\"(max-width: 600px) 100vw, 600px\" \/>                <\/div>\n          <\/div>\n                <div class=\"box-body\">\n                            <h4 class=\"elementskit-info-box-title\">\n                    Hostess prom\u00f3ci\u00f3                <\/h4>\n                        \t\t  \t<p>K\u00e9pzett \u00e9s \u00e1lland\u00f3 hostess csapatunkkal v\u00e1llaljuk Budapesten \u00e9s az orsz\u00e1g b\u00e1rmely ter\u00fclet\u00e9n hostess aktivit\u00e1sok kivitelez\u00e9s\u00e9t. <\/p>\n                                <\/div>\n        \n        \n                <\/div>\n                <\/a>\n        <\/div>\t\t\t\t<\/div>\n\t\t\t\t<\/div>\n\t\t\t\t\t<\/div>\n\t\t<\/div>\n\t\t\t\t\t<\/div>\n\t\t<\/section>\n\t\t\t\t<\/div>\n\t\t\t\t<\/div>\n\t\t\n\t\t\t\t\t\t<\/div>\n\t\t\t\t<\/div>\n\t\t\t\t\t<\/div>\n\t\t<\/div>\n\t\t\t\t\t<\/div>\n\t\t<\/section>\n\t\t\t\t<\/div>\n\t\t","protected":false},"excerpt":{"rendered":"<p>Szolg\u00e1ltat\u00e1sok<\/p>\n","protected":false},"author":1,"featured_media":0,"parent":0,"menu_order":0,"comment_status":"closed","ping_status":"closed","template":"elementor_header_footer","meta":{"_acf_changed":false,"footnotes":""},"class_list":["post-502","page","type-page","status-publish","hentry"],"acf":[],"_links":{"self":[{"href":"https:\/\/www.aldeacom.hu\/hu\/wp-json\/wp\/v2\/pages\/502","targetHints":{"allow":["GET"]}}],"collection":[{"href":"https:\/\/www.aldeacom.hu\/hu\/wp-json\/wp\/v2\/pages"}],"about":[{"href":"https:\/\/www.aldeacom.hu\/hu\/wp-json\/wp\/v2\/types\/page"}],"author":[{"embeddable":true,"href":"https:\/\/www.aldeacom.hu\/hu\/wp-json\/wp\/v2\/users\/1"}],"replies":[{"embeddable":true,"href":"https:\/\/www.aldeacom.hu\/hu\/wp-json\/wp\/v2\/comments?post=502"}],"version-history":[{"count":7,"href":"https:\/\/www.aldeacom.hu\/hu\/wp-json\/wp\/v2\/pages\/502\/revisions"}],"predecessor-version":[{"id":510,"href":"https:\/\/www.aldeacom.hu\/hu\/wp-json\/wp\/v2\/pages\/502\/revisions\/510"}],"wp:attachment":[{"href":"https:\/\/www.aldeacom.hu\/hu\/wp-json\/wp\/v2\/media?parent=502"}],"curies":[{"name":"wp","href":"https:\/\/api.w.org\/{rel}","templated":true}]}}